{"id":2485,"date":"2017-09-26T12:30:13","date_gmt":"2017-09-26T17:30:13","guid":{"rendered":"https:\/\/grupobafar.wpengine.com\/who-are-we\/acknowledgments\/"},"modified":"2024-02-01T10:36:37","modified_gmt":"2024-02-01T16:36:37","slug":"acknowledgments","status":"publish","type":"page","link":"https:\/\/grupobafar.com\/en\/who-are-we\/acknowledgments\/","title":{"rendered":"Acknowledgments"},"content":{"rendered":"<p>Throughout our history, we have won several awards thanks to an entrepreneurial culture where perseverance, audacity, integrity and vision are lived every day.<\/p>\n<p>In 1999, the company was chosen as <strong>&#8220;The most admirable company&#8221; <\/strong>. This award was granted by Expansi\u00f3n magazine for being one of the leading Mexican companies with the best conditions for attracting and retaining its workforce.<\/p>\n<p>In 2003, the National Confederation of Sales and Marketing Executives awarded us the <strong>&#8220;National Marketing Award&#8221; <\/strong>for our strategic efforts in our advertising campaigns.<\/p>\n<p>In 2007, we were awarded the <strong>&#8220;National Agri-Food Award&#8221; <\/strong>by the agri-food sector <strong>, in <\/strong>recognition of our efforts for business excellence and the recognized quality of our products.<\/p>\n<p>In 2008 Sabori achieved national recognition as one of <strong>&#8220;The 10 Great Brands of Mexico&#8221;; <\/strong> awarded by the Mexican Trademark Council.<\/p>\n<p>In 2008, the Asociaci\u00f3n de Ejecutivos en Log\u00edstica, Distribuci\u00f3n y Tr\u00e1fico A.C., in collaboration with Expo Log\u00edstica and the Ministry of Economy, awarded us the  <strong>&#8220;Tameme Award&#8221;;  <\/strong>recognizing achievements in the application, dissemination and teaching of logistics at the national level, organizational and technological consolidation and implementation of best practices in the supply chain.<\/p>\n<p>To close 2008, we received two of the most important national awards; <strong>&#8220;The National Quality and Competitiveness Award&#8221; <\/strong>in the &#8220;Large Industrial Company&#8221; category; for having the highest levels of competitiveness and the best management practices for &#8220;total quality&#8221;. And <strong>&#8220;The National Technology Award&#8221;; <\/strong>for being a role model in technological management and generation of world-class products and processes; being the first group in the food industry to obtain it.<\/p>\n<p>In 2010 we were recognized as <strong>&#8220;Mexican Company of the Year&#8221; <\/strong>by the Latin American Quality Institute, thanks to our excellent development of quality standards and norms. In addition, SAGARPA granted us the <strong>&#8220;UCON Certification&#8221; <\/strong>being the first company at national level to obtain it. Eugenio Baeza Fares, Chairman of the Board of Directors and Chief Executive Officer, was <strong>awarded the Gold Master&#8217;s Degree of the Real F\u00f3rum de Alta Direcci\u00f3n of Spain <\/strong>and elected by its board to head the Mexico Chapter.<\/p>\n<p>Adding another success to his outstanding career; in 2014 Mr. Eugenio Baeza Fares was invited by Grupo Impulsa to be  <strong>member of the Entrepreneur&#8217;s Hall and received the Fire of Life statuette.  <\/strong>for his substantial contribution to the business development of Mexico and his community; in addition to being a recognition of his trajectory, tenacity, vision and transcendence in business, as well as his human values.<\/p>\n<p>This year full of achievements and growth culminates in a very satisfactory way; Grupo Bafar receives for  <strong>second time the National Agro-industrial Award  <\/strong>A distinction aimed at promoting a world-class quality culture in Mexican companies dedicated to this sector; and the only recognition of its kind focused on agricultural, livestock, aquaculture, agro-industrial and agricultural services organizations, as well as producers&#8217; associations in Mexico.<\/p>\n<p>The reflection of more than 30 years of effort in the business world, his unparalleled vision to build and develop a great source of jobs, his active participation in the national economic growth and a clear commitment to build better conditions for the quality of life of Mexicans, attributed to the  <strong>Eugenio Baeza Fares was awarded the title of National Distinguished Executive 2016 <\/strong>by the Mexican Confederation of Sales and Marketing Executives. The CEO of Grupo Bafar is the second Chihuahua native to receive this award at the national level.<\/p>\n\n","protected":false},"excerpt":{"rendered":"<p>Throughout our history, we have won several awards thanks to an entrepreneurial culture where perseverance, audacity, integrity and vision are lived every day. In 1999, the company was chosen as &#8220;The most admirable company&#8221; . This award was granted by Expansi\u00f3n magazine for being one of the leading Mexican companies with the best conditions for [&hellip;]<\/p>\n","protected":false},"author":6,"featured_media":0,"parent":2465,"menu_order":6,"comment_status":"closed","ping_status":"closed","template":"layout-2-columns.php","meta":{"_acf_changed":false,"footnotes":""},"class_list":["post-2485","page","type-page","status-publish","hentry"],"acf":[],"yoast_head":"<!-- This site is optimized with the Yoast SEO plugin v24.2 - https:\/\/yoast.com\/wordpress\/plugins\/seo\/ -->\n<title>Acknowledgments &#8211; Grupo Bafar<\/title>\n<meta name=\"robots\" content=\"index, follow, max-snippet:-1, max-image-preview:large, max-video-preview:-1\" \/>\n<link rel=\"canonical\" href=\"https:\/\/grupobafar.com\/en\/who-are-we\/acknowledgments\/\" \/>\n<meta property=\"og:locale\" content=\"en_US\" \/>\n<meta property=\"og:type\" content=\"article\" \/>\n<meta property=\"og:title\" content=\"Acknowledgments &#8211; Grupo Bafar\" \/>\n<meta property=\"og:description\" content=\"Throughout our history, we have won several awards thanks to an entrepreneurial culture where perseverance, audacity, integrity and vision are lived every day. In 1999, the company was chosen as &#8220;The most admirable company&#8221; . This award was granted by Expansi\u00f3n magazine for being one of the leading Mexican companies with the best conditions for [&hellip;]\" \/>\n<meta property=\"og:url\" content=\"https:\/\/grupobafar.com\/en\/who-are-we\/acknowledgments\/\" \/>\n<meta property=\"og:site_name\" content=\"Grupo Bafar\" \/>\n<meta property=\"article:modified_time\" content=\"2024-02-01T16:36:37+00:00\" \/>\n<meta property=\"og:image\" content=\"https:\/\/grupobafar.com\/wp-content\/uploads\/2021\/04\/Header-p\u00e1gina-Reconocimientos-01-1024x302.jpg\" \/>\n\t<meta property=\"og:image:width\" content=\"1024\" \/>\n\t<meta property=\"og:image:height\" content=\"302\" \/>\n\t<meta property=\"og:image:type\" content=\"image\/jpeg\" \/>\n<meta name=\"twitter:card\" content=\"summary_large_image\" \/>\n<meta name=\"twitter:label1\" content=\"Est. reading time\" \/>\n\t<meta name=\"twitter:data1\" content=\"3 minutes\" \/>\n<script type=\"application\/ld+json\" class=\"yoast-schema-graph\">{\"@context\":\"https:\/\/schema.org\",\"@graph\":[{\"@type\":\"WebPage\",\"@id\":\"https:\/\/grupobafar.com\/en\/who-are-we\/acknowledgments\/\",\"url\":\"https:\/\/grupobafar.com\/en\/who-are-we\/acknowledgments\/\",\"name\":\"Acknowledgments &#8211; Grupo Bafar\",\"isPartOf\":{\"@id\":\"https:\/\/grupobafar.com\/en\/#website\"},\"datePublished\":\"2017-09-26T17:30:13+00:00\",\"dateModified\":\"2024-02-01T16:36:37+00:00\",\"breadcrumb\":{\"@id\":\"https:\/\/grupobafar.com\/en\/who-are-we\/acknowledgments\/#breadcrumb\"},\"inLanguage\":\"en-US\",\"potentialAction\":[{\"@type\":\"ReadAction\",\"target\":[\"https:\/\/grupobafar.com\/en\/who-are-we\/acknowledgments\/\"]}]},{\"@type\":\"BreadcrumbList\",\"@id\":\"https:\/\/grupobafar.com\/en\/who-are-we\/acknowledgments\/#breadcrumb\",\"itemListElement\":[{\"@type\":\"ListItem\",\"position\":1,\"name\":\"Portada\",\"item\":\"https:\/\/grupobafar.com\/en\/\"},{\"@type\":\"ListItem\",\"position\":2,\"name\":\"Who are we?\",\"item\":\"https:\/\/grupobafar.com\/en\/quienes-somos\/\"},{\"@type\":\"ListItem\",\"position\":3,\"name\":\"Acknowledgments\"}]},{\"@type\":\"WebSite\",\"@id\":\"https:\/\/grupobafar.com\/en\/#website\",\"url\":\"https:\/\/grupobafar.com\/en\/\",\"name\":\"Grupo Bafar\",\"description\":\"\",\"publisher\":{\"@id\":\"https:\/\/grupobafar.com\/en\/#organization\"},\"potentialAction\":[{\"@type\":\"SearchAction\",\"target\":{\"@type\":\"EntryPoint\",\"urlTemplate\":\"https:\/\/grupobafar.com\/en\/?s={search_term_string}\"},\"query-input\":{\"@type\":\"PropertyValueSpecification\",\"valueRequired\":true,\"valueName\":\"search_term_string\"}}],\"inLanguage\":\"en-US\"},{\"@type\":\"Organization\",\"@id\":\"https:\/\/grupobafar.com\/en\/#organization\",\"name\":\"Grupo BAFAR\",\"url\":\"https:\/\/grupobafar.com\/en\/\",\"logo\":{\"@type\":\"ImageObject\",\"inLanguage\":\"en-US\",\"@id\":\"https:\/\/grupobafar.com\/en\/#\/schema\/logo\/image\/\",\"url\":\"https:\/\/grupobafar.com\/wp-content\/uploads\/2018\/02\/2018-02-19.png\",\"contentUrl\":\"https:\/\/grupobafar.com\/wp-content\/uploads\/2018\/02\/2018-02-19.png\",\"width\":129,\"height\":30,\"caption\":\"Grupo BAFAR\"},\"image\":{\"@id\":\"https:\/\/grupobafar.com\/en\/#\/schema\/logo\/image\/\"}}]}<\/script>\n<!-- \/ Yoast SEO plugin. -->","yoast_head_json":{"title":"Acknowledgments &#8211; Grupo Bafar","robots":{"index":"index","follow":"follow","max-snippet":"max-snippet:-1","max-image-preview":"max-image-preview:large","max-video-preview":"max-video-preview:-1"},"canonical":"https:\/\/grupobafar.com\/en\/who-are-we\/acknowledgments\/","og_locale":"en_US","og_type":"article","og_title":"Acknowledgments &#8211; Grupo Bafar","og_description":"Throughout our history, we have won several awards thanks to an entrepreneurial culture where perseverance, audacity, integrity and vision are lived every day. In 1999, the company was chosen as &#8220;The most admirable company&#8221; . This award was granted by Expansi\u00f3n magazine for being one of the leading Mexican companies with the best conditions for [&hellip;]","og_url":"https:\/\/grupobafar.com\/en\/who-are-we\/acknowledgments\/","og_site_name":"Grupo Bafar","article_modified_time":"2024-02-01T16:36:37+00:00","og_image":[{"width":1024,"height":302,"url":"https:\/\/grupobafar.com\/wp-content\/uploads\/2021\/04\/Header-p\u00e1gina-Reconocimientos-01-1024x302.jpg","type":"image\/jpeg"}],"twitter_card":"summary_large_image","twitter_misc":{"Est. reading time":"3 minutes"},"schema":{"@context":"https:\/\/schema.org","@graph":[{"@type":"WebPage","@id":"https:\/\/grupobafar.com\/en\/who-are-we\/acknowledgments\/","url":"https:\/\/grupobafar.com\/en\/who-are-we\/acknowledgments\/","name":"Acknowledgments &#8211; Grupo Bafar","isPartOf":{"@id":"https:\/\/grupobafar.com\/en\/#website"},"datePublished":"2017-09-26T17:30:13+00:00","dateModified":"2024-02-01T16:36:37+00:00","breadcrumb":{"@id":"https:\/\/grupobafar.com\/en\/who-are-we\/acknowledgments\/#breadcrumb"},"inLanguage":"en-US","potentialAction":[{"@type":"ReadAction","target":["https:\/\/grupobafar.com\/en\/who-are-we\/acknowledgments\/"]}]},{"@type":"BreadcrumbList","@id":"https:\/\/grupobafar.com\/en\/who-are-we\/acknowledgments\/#breadcrumb","itemListElement":[{"@type":"ListItem","position":1,"name":"Portada","item":"https:\/\/grupobafar.com\/en\/"},{"@type":"ListItem","position":2,"name":"Who are we?","item":"https:\/\/grupobafar.com\/en\/quienes-somos\/"},{"@type":"ListItem","position":3,"name":"Acknowledgments"}]},{"@type":"WebSite","@id":"https:\/\/grupobafar.com\/en\/#website","url":"https:\/\/grupobafar.com\/en\/","name":"Grupo Bafar","description":"","publisher":{"@id":"https:\/\/grupobafar.com\/en\/#organization"},"potentialAction":[{"@type":"SearchAction","target":{"@type":"EntryPoint","urlTemplate":"https:\/\/grupobafar.com\/en\/?s={search_term_string}"},"query-input":{"@type":"PropertyValueSpecification","valueRequired":true,"valueName":"search_term_string"}}],"inLanguage":"en-US"},{"@type":"Organization","@id":"https:\/\/grupobafar.com\/en\/#organization","name":"Grupo BAFAR","url":"https:\/\/grupobafar.com\/en\/","logo":{"@type":"ImageObject","inLanguage":"en-US","@id":"https:\/\/grupobafar.com\/en\/#\/schema\/logo\/image\/","url":"https:\/\/grupobafar.com\/wp-content\/uploads\/2018\/02\/2018-02-19.png","contentUrl":"https:\/\/grupobafar.com\/wp-content\/uploads\/2018\/02\/2018-02-19.png","width":129,"height":30,"caption":"Grupo BAFAR"},"image":{"@id":"https:\/\/grupobafar.com\/en\/#\/schema\/logo\/image\/"}}]}},"_links":{"self":[{"href":"https:\/\/grupobafar.com\/en\/wp-json\/wp\/v2\/pages\/2485","targetHints":{"allow":["GET"]}}],"collection":[{"href":"https:\/\/grupobafar.com\/en\/wp-json\/wp\/v2\/pages"}],"about":[{"href":"https:\/\/grupobafar.com\/en\/wp-json\/wp\/v2\/types\/page"}],"author":[{"embeddable":true,"href":"https:\/\/grupobafar.com\/en\/wp-json\/wp\/v2\/users\/6"}],"replies":[{"embeddable":true,"href":"https:\/\/grupobafar.com\/en\/wp-json\/wp\/v2\/comments?post=2485"}],"version-history":[{"count":0,"href":"https:\/\/grupobafar.com\/en\/wp-json\/wp\/v2\/pages\/2485\/revisions"}],"up":[{"embeddable":true,"href":"https:\/\/grupobafar.com\/en\/wp-json\/wp\/v2\/pages\/2465"}],"wp:attachment":[{"href":"https:\/\/grupobafar.com\/en\/wp-json\/wp\/v2\/media?parent=2485"}],"curies":[{"name":"wp","href":"https:\/\/api.w.org\/{rel}","templated":true}]}}