{"id":2477,"date":"2017-10-02T11:22:56","date_gmt":"2017-10-02T16:22:56","guid":{"rendered":"https:\/\/grupobafar.wpengine.com\/who-are-we\/history\/"},"modified":"2026-01-26T11:29:33","modified_gmt":"2026-01-26T17:29:33","slug":"history","status":"publish","type":"page","link":"https:\/\/grupobafar.com\/en\/who-are-we\/history\/","title":{"rendered":"History"},"content":{"rendered":"<h3>M\u00e1s de 40 A\u00d1OS ALIMENTANDO<span>EL PROGRESO DE M\u00c9XICO<\/span><\/h3>\n<p>El \u00e9xito que hemos logrado en la industria no se ha construido en solitario, sino que\u00a0<strong>se ha forjado en el impulso de un esfuerzo colectivo.<\/strong><\/p>\n<p>Con base en el trabajo de\u00a0<strong>m\u00e1s de 14 mil colaboradores<\/strong>\u00a0a lo largo y ancho del pa\u00eds, nos hemos convertido en una de las empresas de alimentos m\u00e1s importantes,<strong>\u00a0siempre ante el objetivo de continuar alimentando el progreso de M\u00e9xico.<\/strong><\/p>\n<p><iframe loading=\"lazy\" title=\"Video Historia Grupo Bafar 2026\" width=\"500\" height=\"281\" src=\"https:\/\/www.youtube.com\/embed\/u5AD9WI7L_0?feature=oembed\" frameborder=\"0\" allow=\"accelerometer; autoplay; clipboard-write; encrypted-media; gyroscope; picture-in-picture; web-share\" referrerpolicy=\"strict-origin-when-cross-origin\" allowfullscreen><\/iframe><\/p>\n","protected":false},"excerpt":{"rendered":"<p>El \u00e9xito que hemos logrado en la industria no se ha construido en solitario, sino que\u00a0se ha forjado en el impulso de un esfuerzo colectivo. Con base en el trabajo de\u00a0m\u00e1s de 14 mil colaboradores\u00a0a lo largo y ancho del pa\u00eds, nos hemos convertido en una de las empresas de alimentos m\u00e1s importantes,\u00a0siempre ante el [&hellip;]<\/p>\n","protected":false},"author":6,"featured_media":3115,"parent":2465,"menu_order":1,"comment_status":"closed","ping_status":"closed","template":"layout-2-columns.php","meta":{"_acf_changed":false,"footnotes":""},"class_list":["post-2477","page","type-page","status-publish","has-post-thumbnail","hentry"],"acf":[],"yoast_head":"<!-- This site is optimized with the Yoast SEO plugin v24.2 - https:\/\/yoast.com\/wordpress\/plugins\/seo\/ -->\n<title>History &#8211; Grupo Bafar<\/title>\n<meta name=\"robots\" content=\"index, follow, max-snippet:-1, max-image-preview:large, max-video-preview:-1\" \/>\n<link rel=\"canonical\" href=\"https:\/\/grupobafar.com\/en\/who-are-we\/history\/\" \/>\n<meta property=\"og:locale\" content=\"en_US\" \/>\n<meta property=\"og:type\" content=\"article\" \/>\n<meta property=\"og:title\" content=\"History &#8211; Grupo Bafar\" \/>\n<meta property=\"og:description\" content=\"El \u00e9xito que hemos logrado en la industria no se ha construido en solitario, sino que\u00a0se ha forjado en el impulso de un esfuerzo colectivo. Con base en el trabajo de\u00a0m\u00e1s de 14 mil colaboradores\u00a0a lo largo y ancho del pa\u00eds, nos hemos convertido en una de las empresas de alimentos m\u00e1s importantes,\u00a0siempre ante el [&hellip;]\" \/>\n<meta property=\"og:url\" content=\"https:\/\/grupobafar.com\/en\/who-are-we\/history\/\" \/>\n<meta property=\"og:site_name\" content=\"Grupo Bafar\" \/>\n<meta property=\"article:modified_time\" content=\"2026-01-26T17:29:33+00:00\" \/>\n<meta property=\"og:image\" content=\"https:\/\/grupobafar.com\/wp-content\/uploads\/2024\/10\/Historiaopt.jpg\" \/>\n\t<meta property=\"og:image:width\" content=\"2000\" \/>\n\t<meta property=\"og:image:height\" content=\"590\" \/>\n\t<meta property=\"og:image:type\" content=\"image\/jpeg\" \/>\n<meta name=\"twitter:card\" content=\"summary_large_image\" \/>\n<meta name=\"twitter:label1\" content=\"Est. reading time\" \/>\n\t<meta name=\"twitter:data1\" content=\"1 minute\" \/>\n<script type=\"application\/ld+json\" class=\"yoast-schema-graph\">{\"@context\":\"https:\/\/schema.org\",\"@graph\":[{\"@type\":\"WebPage\",\"@id\":\"https:\/\/grupobafar.com\/en\/who-are-we\/history\/\",\"url\":\"https:\/\/grupobafar.com\/en\/who-are-we\/history\/\",\"name\":\"History &#8211; Grupo Bafar\",\"isPartOf\":{\"@id\":\"https:\/\/grupobafar.com\/en\/#website\"},\"primaryImageOfPage\":{\"@id\":\"https:\/\/grupobafar.com\/en\/who-are-we\/history\/#primaryimage\"},\"image\":{\"@id\":\"https:\/\/grupobafar.com\/en\/who-are-we\/history\/#primaryimage\"},\"thumbnailUrl\":\"https:\/\/grupobafar.com\/wp-content\/uploads\/2024\/10\/Historiaopt.jpg\",\"datePublished\":\"2017-10-02T16:22:56+00:00\",\"dateModified\":\"2026-01-26T17:29:33+00:00\",\"breadcrumb\":{\"@id\":\"https:\/\/grupobafar.com\/en\/who-are-we\/history\/#breadcrumb\"},\"inLanguage\":\"en-US\",\"potentialAction\":[{\"@type\":\"ReadAction\",\"target\":[\"https:\/\/grupobafar.com\/en\/who-are-we\/history\/\"]}]},{\"@type\":\"ImageObject\",\"inLanguage\":\"en-US\",\"@id\":\"https:\/\/grupobafar.com\/en\/who-are-we\/history\/#primaryimage\",\"url\":\"https:\/\/grupobafar.com\/wp-content\/uploads\/2024\/10\/Historiaopt.jpg\",\"contentUrl\":\"https:\/\/grupobafar.com\/wp-content\/uploads\/2024\/10\/Historiaopt.jpg\",\"width\":2000,\"height\":590},{\"@type\":\"BreadcrumbList\",\"@id\":\"https:\/\/grupobafar.com\/en\/who-are-we\/history\/#breadcrumb\",\"itemListElement\":[{\"@type\":\"ListItem\",\"position\":1,\"name\":\"Portada\",\"item\":\"https:\/\/grupobafar.com\/en\/\"},{\"@type\":\"ListItem\",\"position\":2,\"name\":\"Who are we?\",\"item\":\"https:\/\/grupobafar.com\/en\/quienes-somos\/\"},{\"@type\":\"ListItem\",\"position\":3,\"name\":\"History\"}]},{\"@type\":\"WebSite\",\"@id\":\"https:\/\/grupobafar.com\/en\/#website\",\"url\":\"https:\/\/grupobafar.com\/en\/\",\"name\":\"Grupo Bafar\",\"description\":\"\",\"publisher\":{\"@id\":\"https:\/\/grupobafar.com\/en\/#organization\"},\"potentialAction\":[{\"@type\":\"SearchAction\",\"target\":{\"@type\":\"EntryPoint\",\"urlTemplate\":\"https:\/\/grupobafar.com\/en\/?s={search_term_string}\"},\"query-input\":{\"@type\":\"PropertyValueSpecification\",\"valueRequired\":true,\"valueName\":\"search_term_string\"}}],\"inLanguage\":\"en-US\"},{\"@type\":\"Organization\",\"@id\":\"https:\/\/grupobafar.com\/en\/#organization\",\"name\":\"Grupo BAFAR\",\"url\":\"https:\/\/grupobafar.com\/en\/\",\"logo\":{\"@type\":\"ImageObject\",\"inLanguage\":\"en-US\",\"@id\":\"https:\/\/grupobafar.com\/en\/#\/schema\/logo\/image\/\",\"url\":\"https:\/\/grupobafar.com\/wp-content\/uploads\/2018\/02\/2018-02-19.png\",\"contentUrl\":\"https:\/\/grupobafar.com\/wp-content\/uploads\/2018\/02\/2018-02-19.png\",\"width\":129,\"height\":30,\"caption\":\"Grupo BAFAR\"},\"image\":{\"@id\":\"https:\/\/grupobafar.com\/en\/#\/schema\/logo\/image\/\"}}]}<\/script>\n<!-- \/ Yoast SEO plugin. -->","yoast_head_json":{"title":"History &#8211; Grupo Bafar","robots":{"index":"index","follow":"follow","max-snippet":"max-snippet:-1","max-image-preview":"max-image-preview:large","max-video-preview":"max-video-preview:-1"},"canonical":"https:\/\/grupobafar.com\/en\/who-are-we\/history\/","og_locale":"en_US","og_type":"article","og_title":"History &#8211; Grupo Bafar","og_description":"El \u00e9xito que hemos logrado en la industria no se ha construido en solitario, sino que\u00a0se ha forjado en el impulso de un esfuerzo colectivo. Con base en el trabajo de\u00a0m\u00e1s de 14 mil colaboradores\u00a0a lo largo y ancho del pa\u00eds, nos hemos convertido en una de las empresas de alimentos m\u00e1s importantes,\u00a0siempre ante el [&hellip;]","og_url":"https:\/\/grupobafar.com\/en\/who-are-we\/history\/","og_site_name":"Grupo Bafar","article_modified_time":"2026-01-26T17:29:33+00:00","og_image":[{"width":2000,"height":590,"url":"https:\/\/grupobafar.com\/wp-content\/uploads\/2024\/10\/Historiaopt.jpg","type":"image\/jpeg"}],"twitter_card":"summary_large_image","twitter_misc":{"Est. reading time":"1 minute"},"schema":{"@context":"https:\/\/schema.org","@graph":[{"@type":"WebPage","@id":"https:\/\/grupobafar.com\/en\/who-are-we\/history\/","url":"https:\/\/grupobafar.com\/en\/who-are-we\/history\/","name":"History &#8211; Grupo Bafar","isPartOf":{"@id":"https:\/\/grupobafar.com\/en\/#website"},"primaryImageOfPage":{"@id":"https:\/\/grupobafar.com\/en\/who-are-we\/history\/#primaryimage"},"image":{"@id":"https:\/\/grupobafar.com\/en\/who-are-we\/history\/#primaryimage"},"thumbnailUrl":"https:\/\/grupobafar.com\/wp-content\/uploads\/2024\/10\/Historiaopt.jpg","datePublished":"2017-10-02T16:22:56+00:00","dateModified":"2026-01-26T17:29:33+00:00","breadcrumb":{"@id":"https:\/\/grupobafar.com\/en\/who-are-we\/history\/#breadcrumb"},"inLanguage":"en-US","potentialAction":[{"@type":"ReadAction","target":["https:\/\/grupobafar.com\/en\/who-are-we\/history\/"]}]},{"@type":"ImageObject","inLanguage":"en-US","@id":"https:\/\/grupobafar.com\/en\/who-are-we\/history\/#primaryimage","url":"https:\/\/grupobafar.com\/wp-content\/uploads\/2024\/10\/Historiaopt.jpg","contentUrl":"https:\/\/grupobafar.com\/wp-content\/uploads\/2024\/10\/Historiaopt.jpg","width":2000,"height":590},{"@type":"BreadcrumbList","@id":"https:\/\/grupobafar.com\/en\/who-are-we\/history\/#breadcrumb","itemListElement":[{"@type":"ListItem","position":1,"name":"Portada","item":"https:\/\/grupobafar.com\/en\/"},{"@type":"ListItem","position":2,"name":"Who are we?","item":"https:\/\/grupobafar.com\/en\/quienes-somos\/"},{"@type":"ListItem","position":3,"name":"History"}]},{"@type":"WebSite","@id":"https:\/\/grupobafar.com\/en\/#website","url":"https:\/\/grupobafar.com\/en\/","name":"Grupo Bafar","description":"","publisher":{"@id":"https:\/\/grupobafar.com\/en\/#organization"},"potentialAction":[{"@type":"SearchAction","target":{"@type":"EntryPoint","urlTemplate":"https:\/\/grupobafar.com\/en\/?s={search_term_string}"},"query-input":{"@type":"PropertyValueSpecification","valueRequired":true,"valueName":"search_term_string"}}],"inLanguage":"en-US"},{"@type":"Organization","@id":"https:\/\/grupobafar.com\/en\/#organization","name":"Grupo BAFAR","url":"https:\/\/grupobafar.com\/en\/","logo":{"@type":"ImageObject","inLanguage":"en-US","@id":"https:\/\/grupobafar.com\/en\/#\/schema\/logo\/image\/","url":"https:\/\/grupobafar.com\/wp-content\/uploads\/2018\/02\/2018-02-19.png","contentUrl":"https:\/\/grupobafar.com\/wp-content\/uploads\/2018\/02\/2018-02-19.png","width":129,"height":30,"caption":"Grupo BAFAR"},"image":{"@id":"https:\/\/grupobafar.com\/en\/#\/schema\/logo\/image\/"}}]}},"_links":{"self":[{"href":"https:\/\/grupobafar.com\/en\/wp-json\/wp\/v2\/pages\/2477","targetHints":{"allow":["GET"]}}],"collection":[{"href":"https:\/\/grupobafar.com\/en\/wp-json\/wp\/v2\/pages"}],"about":[{"href":"https:\/\/grupobafar.com\/en\/wp-json\/wp\/v2\/types\/page"}],"author":[{"embeddable":true,"href":"https:\/\/grupobafar.com\/en\/wp-json\/wp\/v2\/users\/6"}],"replies":[{"embeddable":true,"href":"https:\/\/grupobafar.com\/en\/wp-json\/wp\/v2\/comments?post=2477"}],"version-history":[{"count":0,"href":"https:\/\/grupobafar.com\/en\/wp-json\/wp\/v2\/pages\/2477\/revisions"}],"up":[{"embeddable":true,"href":"https:\/\/grupobafar.com\/en\/wp-json\/wp\/v2\/pages\/2465"}],"wp:featuredmedia":[{"embeddable":true,"href":"https:\/\/grupobafar.com\/en\/wp-json\/wp\/v2\/media\/3115"}],"wp:attachment":[{"href":"https:\/\/grupobafar.com\/en\/wp-json\/wp\/v2\/media?parent=2477"}],"curies":[{"name":"wp","href":"https:\/\/api.w.org\/{rel}","templated":true}]}}